{"id":502,"date":"2025-09-16T13:11:14","date_gmt":"2025-09-16T13:11:14","guid":{"rendered":"https:\/\/bonumarduum.com\/?page_id=502"},"modified":"2025-09-16T13:25:14","modified_gmt":"2025-09-16T13:25:14","slug":"legal-notice","status":"publish","type":"page","link":"https:\/\/bonumarduum.com\/en\/legal-notice\/","title":{"rendered":"Legal Notice"},"content":{"rendered":"<div data-elementor-type=\"wp-page\" data-elementor-id=\"502\" class=\"elementor elementor-502\" data-elementor-post-type=\"page\">\n\t\t\t\t<div class=\"elementor-element elementor-element-529e3c8 e-flex e-con-boxed e-con e-parent\" data-id=\"529e3c8\" data-element_type=\"container\">\n\t\t\t\t\t<div class=\"e-con-inner\">\n\t\t\t\t<div class=\"elementor-element elementor-element-a114748 elementor-widget elementor-widget-text-editor\" data-id=\"a114748\" data-element_type=\"widget\" data-widget_type=\"text-editor.default\">\n\t\t\t\t\t\t\t\t\t<p data-start=\"211\" data-end=\"297\">This legal notice \/ imprint was last updated on 16 September 2025.<\/p><p data-start=\"299\" data-end=\"329\">The owner of this website is:<\/p><p data-start=\"331\" data-end=\"597\"><strong data-start=\"331\" data-end=\"357\">Javier Conrado Cagnoli<\/strong><br data-start=\"357\" data-end=\"360\" \/>Cmno. Cuesta del Palmar, S\/n, Plta. 2, Pta. A - Urb. Sol Andalus\u00ed<br data-start=\"425\" data-end=\"428\" \/>29130 Alhaur\u00edn de la Torre, M\u00e1laga, Spain<br data-start=\"470\" data-end=\"473\" \/>E-mail: <a class=\"decorated-link cursor-pointer\" rel=\"noopener\" data-start=\"493\" data-end=\"513\">j.cagnoli@tgc.com.es<\/a><br data-start=\"513\" data-end=\"516\" \/>Phone: +34 682 022 868<br data-start=\"541\" data-end=\"544\" \/>TIN: Z0587783T<br data-start=\"558\" data-end=\"561\" \/>Website: <a class=\"decorated-link\" href=\"https:\/\/bonumarduum.com\/en\" target=\"_new\" rel=\"noopener\" data-start=\"572\" data-end=\"595\">https:\/\/bonumarduum.com<\/a><\/p><ol data-start=\"599\" data-end=\"749\"><li data-start=\"599\" data-end=\"749\"><p data-start=\"602\" data-end=\"749\"><strong data-start=\"602\" data-end=\"613\">General<\/strong><br data-start=\"613\" data-end=\"616\" \/>We are neither willing nor obliged to participate in dispute resolution proceedings before a consumer arbitration board.<\/p><\/li><\/ol>\t\t\t\t\t\t\t\t<\/div>\n\t\t\t\t\t<\/div>\n\t\t\t\t<\/div>\n\t\t\t\t<\/div>","protected":false},"excerpt":{"rendered":"<p>This legal notice \/ imprint was last updated on 16 September 2025. The owner of this website is: Javier Conrado CagnoliCmno. Cuesta del Palmar, S\/n, Plta. 2, Pta. A - Urb. Sol Andalus\u00ed29130 Alhaur\u00edn de la Torre, M\u00e1laga, SpainEmail: j.cagnoli@tgc.com.esTel\u00e9fono: +34 682 022 868NIF: Z0587783TSite: https:\/\/bonumarduum.com GeneralWe are not willing [...]<\/p>","protected":false},"author":1,"featured_media":0,"parent":0,"menu_order":0,"comment_status":"closed","ping_status":"closed","template":"","meta":{"footnotes":""},"class_list":["post-502","page","type-page","status-publish","hentry"],"_links":{"self":[{"href":"https:\/\/bonumarduum.com\/en\/wp-json\/wp\/v2\/pages\/502","targetHints":{"allow":["GET"]}}],"collection":[{"href":"https:\/\/bonumarduum.com\/en\/wp-json\/wp\/v2\/pages"}],"about":[{"href":"https:\/\/bonumarduum.com\/en\/wp-json\/wp\/v2\/types\/page"}],"author":[{"embeddable":true,"href":"https:\/\/bonumarduum.com\/en\/wp-json\/wp\/v2\/users\/1"}],"replies":[{"embeddable":true,"href":"https:\/\/bonumarduum.com\/en\/wp-json\/wp\/v2\/comments?post=502"}],"version-history":[{"count":7,"href":"https:\/\/bonumarduum.com\/en\/wp-json\/wp\/v2\/pages\/502\/revisions"}],"predecessor-version":[{"id":521,"href":"https:\/\/bonumarduum.com\/en\/wp-json\/wp\/v2\/pages\/502\/revisions\/521"}],"wp:attachment":[{"href":"https:\/\/bonumarduum.com\/en\/wp-json\/wp\/v2\/media?parent=502"}],"curies":[{"name":"wp","href":"https:\/\/api.w.org\/{rel}","templated":true}]}}